{"id":8,"date":"2020-07-20T21:46:57","date_gmt":"2020-07-20T21:46:57","guid":{"rendered":"http:\/\/quifuca.com.pa\/es\/?page_id=8"},"modified":"2020-09-01T00:43:41","modified_gmt":"2020-09-01T00:43:41","slug":"inicio","status":"publish","type":"page","link":"https:\/\/quifuca.com.pa\/es\/","title":{"rendered":"Inicio"},"content":{"rendered":"\n<p>Somos una empresa paname\u00f1a, fundada en el a\u00f1o 2019, enfocada en la comercializaci\u00f3n nacional e internacional de materias primas y productos terminados de alta calidad, de manera eficiente, atenci\u00f3n personalizada, oportuna, con visi\u00f3n de integraci\u00f3n global.<\/p>\n\n\n\n<p>Contamos con tres divisiones o l\u00edneas de negocio: <\/p>\n\n\n\n<ol class=\"wp-block-list\"><li>Divisi\u00f3n Agr\u00edcola. <\/li><li>Divisi\u00f3n Qu\u00edmica. <\/li><li>Divisi\u00f3n Industrial.<\/li><\/ol>\n","protected":false},"excerpt":{"rendered":"<p>Somos una empresa paname\u00f1a, fundada en el a\u00f1o 2019, enfocada en la comercializaci\u00f3n nacional e internacional de materias primas y productos terminados de alta calidad, de manera eficiente, atenci\u00f3n personalizada, oportuna, con visi\u00f3n de integraci\u00f3n global. Contamos con tres divisiones o l\u00edneas de negocio: Divisi\u00f3n Agr\u00edcola. Divisi\u00f3n Qu\u00edmica. Divisi\u00f3n Industrial.<\/p>\n","protected":false},"author":1,"featured_media":0,"parent":0,"menu_order":0,"comment_status":"closed","ping_status":"closed","template":"","meta":{"footnotes":""},"class_list":["post-8","page","type-page","status-publish","hentry"],"_links":{"self":[{"href":"https:\/\/quifuca.com.pa\/es\/wp-json\/wp\/v2\/pages\/8","targetHints":{"allow":["GET"]}}],"collection":[{"href":"https:\/\/quifuca.com.pa\/es\/wp-json\/wp\/v2\/pages"}],"about":[{"href":"https:\/\/quifuca.com.pa\/es\/wp-json\/wp\/v2\/types\/page"}],"author":[{"embeddable":true,"href":"https:\/\/quifuca.com.pa\/es\/wp-json\/wp\/v2\/users\/1"}],"replies":[{"embeddable":true,"href":"https:\/\/quifuca.com.pa\/es\/wp-json\/wp\/v2\/comments?post=8"}],"version-history":[{"count":4,"href":"https:\/\/quifuca.com.pa\/es\/wp-json\/wp\/v2\/pages\/8\/revisions"}],"predecessor-version":[{"id":61,"href":"https:\/\/quifuca.com.pa\/es\/wp-json\/wp\/v2\/pages\/8\/revisions\/61"}],"wp:attachment":[{"href":"https:\/\/quifuca.com.pa\/es\/wp-json\/wp\/v2\/media?parent=8"}],"curies":[{"name":"wp","href":"https:\/\/api.w.org\/{rel}","templated":true}]}}